{"id":1079,"date":"2020-03-04T04:50:17","date_gmt":"2020-03-04T04:50:17","guid":{"rendered":"https:\/\/eu.individuelcosmetics.com\/?page_id=1079"},"modified":"2020-08-22T14:34:42","modified_gmt":"2020-08-22T14:34:42","slug":"terms-and-conditions","status":"publish","type":"page","link":"https:\/\/eu.individuelcosmetics.com\/de\/terms-and-conditions\/","title":{"rendered":"Gesch\u00e4ftsbedingungen"},"content":{"rendered":"<p>ALLGEMEINE GESCH\u00c4FTSBEDINGUNGEN<\/p>\n<p>1. <u>ANWENDBARKEIT<\/u><\/p>\n<p>1.1<\/p>\n<p>F\u00fcr die gesamte Gesch\u00e4ftsbeziehung zwischen \u2026<strong>Lieferant<\/strong>\u2026(nachfolgend auch die \u201e<strong>Lieferant<\/strong>\u201c, \u201e<strong>uns<\/strong>&quot; oder &quot;<strong>wir<\/strong>\u201c) und der Kunde (im Folgenden \u2013 der \u201e<strong>Kunde<\/strong>\u201c).<\/p>\n<p>1.2<\/p>\n<p>Alle Vereinbarungen zwischen dem Besteller und dem Lieferanten \u00fcber die Lieferung von Waren ergeben sich insbesondere aus diesen Allgemeinen Gesch\u00e4ftsbedingungen, unserer schriftlichen Auftragsbest\u00e4tigung und unserer Annahmeerkl\u00e4rung. Entgegenstehende, abweichende oder erg\u00e4nzende Allgemeine Gesch\u00e4ftsbedingungen des Kunden werden nicht anerkannt.<\/p>\n<p>&nbsp;<\/p>\n<p>2. <u>VERTRAGSABSCHLUSS, UNVERBINDLICHE INFORMATIONEN<\/u><\/p>\n<p>2.1<\/p>\n<p>Alle Angaben zu unseren Produkten und Preisen bis zur Best\u00e4tigung durch den Lieferanten sind unverbindlich und unverbindlich. Angaben und Erl\u00e4uterungen zu unseren Produkten beruhen ausschlie\u00dflich auf unseren bisherigen Erfahrungen. Die hier angegebenen Werte sind als Durchschnittswerte zu betrachten. Alle Angaben zu unseren Produkten, insbesondere die Angaben in unseren Angeboten und Drucksachen, sind ungef\u00e4hre Durchschnittswerte. Unsere Gebrauchsanweisung wurde mit branchen\u00fcblicher Sorgfalt erstellt, entbindet unsere Kunden jedoch nicht von einer Pr\u00fcfung der Eignung der Produkte f\u00fcr den vorgesehenen Verwendungszweck. Eine Garantie gilt nur dann als von uns \u00fcbernommen, wenn wir eine Eigenschaft schriftlich als \u201egarantiert\u201c bezeichnet haben. Wir \u00fcbernehmen keine Haftung f\u00fcr die Verwendbarkeit unserer Produkte f\u00fcr den vom Kunden vorgesehenen Verwendungszweck au\u00dferhalb der gesetzlich zwingenden Haftung, es sei denn, wir haben mit dem Kunden schriftlich etwas anderes vereinbart.<\/p>\n<p>2.2<\/p>\n<p>Der Kunde ist berechtigt, ein verbindliches Angebot zum Abschluss eines Vertrages \u00fcber die laufende Lieferung von Produkten abzugeben, indem er das vom Lieferanten bereitgestellte Bestellformular vollst\u00e4ndig ausf\u00fcllt und best\u00e4tigt.<\/p>\n<p>2.3<\/p>\n<p>Der Lieferant ist berechtigt, dieses Angebot ausdr\u00fccklich durch Zusendung einer verbindlichen Annahmeerkl\u00e4rung, durch Lieferung der bestellten Ware oder durch Abbuchung des Kaufpreises anzunehmen. Bis zu diesem Zeitpunkt ist der Lieferant berechtigt, die Annahme jederzeit ohne Angabe von Gr\u00fcnden zu verweigern und ein Vertrag kommt erst mit Annahme des Angebots durch den Lieferanten wirksam zwischen dem Kunden und dem Lieferanten zustande.<\/p>\n<p>&nbsp;<\/p>\n<p>3. <u>LIEFERMENGEN<\/u><\/p>\n<p>Die Kapseln sind in Abonnements von 14, 28 und 56 Wochen erh\u00e4ltlich, die Mindestliefermenge betr\u00e4gt 8 Kapseln.<\/p>\n<p>4. <u>DAS GESETZLICHE WIDERRUFSRECHT DES KUNDEN<\/u><\/p>\n<p>Der Anbieter weist den Kunden hiermit auf die nachfolgenden Bestimmungen dieser Allgemeinen Gesch\u00e4ftsbedingungen zum gesetzlichen Widerrufsrecht f\u00fcr Verbraucher hin.<\/p>\n<p>4.1 WIDERRUFSRECHT<\/p>\n<p>Wenn Sie Produkte kaufen und Verbraucher sind, steht Ihnen ein gesetzliches Widerrufsrecht zu. Wenn Sie die Kapseln f\u00fcr Ihre gewerbliche T\u00e4tigkeit oder selbst\u00e4ndige T\u00e4tigkeit als Unternehmer erwerben, steht Ihnen kein gesetzliches Widerrufsrecht zu.<\/p>\n<p>Das erste, was Sie wissen sollten, ist, dass Sie bei der R\u00fccksendung von Produkten das Ihrer Bestellung beiliegende R\u00fccksendeetikett verwenden k\u00f6nnen. Wenn Sie ein neues R\u00fccksendeetikett ben\u00f6tigen, k\u00f6nnen Sie sich an den Kundendienst wenden, um eines anzufordern (Kontaktdaten unten). Bitte helfen Sie uns, unn\u00f6tige Kosten zu vermeiden, indem Sie bei der R\u00fccksendung von Produkten immer das R\u00fccksendeetikett verwenden.<\/p>\n<p>Sie haben das Recht, binnen vierzehn Tagen ohne Angabe von Gr\u00fcnden diesen Vertrag zu widerrufen. Die Widerrufsfrist betr\u00e4gt vierzehn Tage ab dem Tag, an dem Sie oder ein von Ihnen hierzu beauftragter Dritter, der nicht der Versender ist, die erste Ware in Besitz genommen haben. Um Ihr Widerrufsrecht auszu\u00fcben, m\u00fcssen Sie uns mittels einer eindeutigen Erkl\u00e4rung (zB ein mit der Post versandter Brief, Telefonanruf oder elektronische Postnachricht) \u00fcber Ihren Entschluss, diesen Vertrag zu widerrufen, informieren. Sie k\u00f6nnen daf\u00fcr aber nicht das nachfolgend bereitgestellte Muster-Widerrufsformular verwenden. (Sie k\u00f6nnen es an eine E-Mail-Nachricht anh\u00e4ngen und mit Ihren pers\u00f6nlichen Daten vervollst\u00e4ndigen oder uns nach dem Ausdrucken und Ausf\u00fcllen als Brief zusenden).<\/p>\n<p>4.2 FOLGEN DES WIDERRUFSRECHTS<\/p>\n<p>F\u00fcr den Fall, dass Sie diesen Vertrag k\u00fcndigen, sind wir verpflichtet, Ihnen alle Zahlungen, die wir erhalten haben, einschlie\u00dflich der Versandkosten (mit Ausnahme der zus\u00e4tzlichen Kosten, die dadurch entstanden sind, dass Sie eine andere als die \u00fcbliche Versandart gew\u00e4hlt haben) zur\u00fcckzuerstatten angebotenen Versandpreis), unverz\u00fcglich und sp\u00e4testens binnen vierzehn Tagen ab dem Tag, an dem wir die oben genannte Widerrufsmitteilung erhalten haben. Sofern nicht ausdr\u00fccklich etwas anderes vereinbart wurde, verwenden wir f\u00fcr diese R\u00fcckzahlung dasselbe Zahlungsmittel, das Sie bei der urspr\u00fcnglichen Transaktion eingesetzt haben. in keinem Fall werden Ihnen wegen dieser R\u00fcckzahlung Entgelte berechnet. Wir sind berechtigt, die R\u00fcckzahlung zu verweigern, bis wir die Waren wieder zur\u00fcckerhalten haben oder bis Sie den Nachweis \u00fcber die R\u00fccksendung der Waren erbracht haben, der fr\u00fchere Zeitpunkt der beiden M\u00f6glichkeiten.<\/p>\n<p>Sie sind verpflichtet, die Waren unverz\u00fcglich, sp\u00e4testens jedoch innerhalb von vierzehn Tagen ab dem Tag, an dem Sie uns \u00fcber die Beendigung dieses Vertrags unterrichten, zur\u00fcckzusenden, zu liefern oder herauszugeben. Die Frist ist gewahrt, wenn Sie die Ware vor Ablauf der vorgenannten Frist absenden. Wir tragen die Kosten der Warenr\u00fcckerstattung, wenn Sie vorab an info@individuelcosmetics.com ein R\u00fccksendeetikett angefordert und dieses verwendet haben.<\/p>\n<p>Sie m\u00fcssen f\u00fcr einen etwaigen Wertverlust der Waren nur aufkommen, wenn dieser Wertverlust auf einen zur Pr\u00fcfung der Beschaffenheit, Eigenschaften und Funktionsweise der Waren nicht notwendigen Umgang mit ihnen zur\u00fcckzuf\u00fchren ist.<\/p>\n<p>4.3 AUSNAHMEN VOM WIDERRUFSRECHT<\/p>\n<p>Das Widerrufsrecht besteht nicht bei Vertr\u00e4gen \u00fcber die Lieferung von Waren, die f\u00fcr eine R\u00fccklieferung nicht geeignet sind oder die sich aufgrund ihrer Beschaffenheit schnell verschlechtern k\u00f6nnen Dies gilt beispielsweise f\u00fcr bereits <strong>benutzt <\/strong>oder zu <strong>verunreinigte Kosmetikprodukte, insbesondere wenn sie ge\u00f6ffnet sind.<\/strong><\/p>\n<p>&nbsp;<\/p>\n<p>5. <u>VERTRAGSLAUFZEIT, K\u00dcNDIGUNG UND VERL\u00c4NGERUNG<\/u><\/p>\n<p>Bei abweichenden Angeboten mit festen Laufzeiten endet der Vertrag mit Ablauf der einvernehmlich vereinbarten Frist bzw. mit Abschluss der letzten Lieferung. Einer gesonderten K\u00fcndigung des Vertrages bedarf es nicht.<\/p>\n<p>&nbsp;<\/p>\n<p>6. <u>LIEFERUNG, LIEFERTERMINE, LIEFERVORAUSSETZUNGEN, TEILLIEFERUNGEN UND EIGENTUMSVORBEHALT<\/u><\/p>\n<p>6.1<\/p>\n<p>Der Lieferant beh\u00e4lt sich das Recht vor, erst nach Zahlung durch den Kunden zu liefern. Es bestehen keine Rechte auf eine Lieferung vor Zahlung.<\/p>\n<p>6.2<\/p>\n<p>Die Lieferung erfolgt gem\u00e4\u00df den ver\u00f6ffentlichten Terminen. Unsere Liefertermine bzw. Lieferfristen sind ausschlie\u00dflich unverbindliche Angaben, wir bem\u00fchen uns jedoch um die Einhaltung der Lieferfristen.<\/p>\n<p>6.3<\/p>\n<p>Der Lieferer ist zu einer Teillieferung oder Teilleistung jederzeit berechtigt, sofern dies aus Sicht des Bestellers zumutbar ist.<\/p>\n<p>&nbsp;<\/p>\n<p>7. <u>PREISE UND VERSANDKOSTEN, F\u00e4lligkeit, Zahlung, Aufrechnung und Zur\u00fcckbehaltung <\/u><\/p>\n<p>7.1<\/p>\n<p>Der Versand der Produkte erfolgt auf Kosten des Bestellers. Die Versandkosten sind in der Preisliste aufgef\u00fchrt.<\/p>\n<p>7.2<\/p>\n<p>Die Kaufpreisschuld des Lieferanten wird unbeschadet eines bestehenden gesetzlichen Widerrufsrechts mit der Bestellung zur Zahlung f\u00e4llig.<\/p>\n<p>7.3<\/p>\n<p>Der Kunde ist berechtigt, nur die einvernehmlich vereinbarten und bei der jeweiligen Auftragsbest\u00e4tigung bekannt gegebenen Zahlungsarten zu verwenden.<\/p>\n<p>7.4<\/p>\n<p>Der Besteller ist zur Aufrechnung nur berechtigt, wenn seine Gegenanspr\u00fcche rechtskr\u00e4ftig festgestellt sind oder vom Lieferer nicht bestritten werden. Der Kunde ist zur Aus\u00fcbung eines Zur\u00fcckbehaltungsrechts nur befugt, wenn sein Gegenanspruch auf dem gleichen Vertragsverh\u00e4ltnis beruht.<\/p>\n<p>&nbsp;<\/p>\n<p>8. <u>RECHTE BEI M\u00c4NGELF\u00c4LLEN, ENTSCH\u00c4DIGUNG<\/u><\/p>\n<p>8.1<\/p>\n<p>Der Lieferer ist zur Nacherf\u00fcllung in den F\u00e4llen verpflichtet, in denen die gelieferte Ware nicht die zwischen dem Lieferer und dem Besteller vereinbarte Beschaffenheit oder Beschaffenheit aufweist oder allgemein nicht f\u00fcr die vertragsgem\u00e4\u00dfen Verwendungen geeignet ist. Vorstehendes gilt nicht, wenn der Lieferant aufgrund einer gesetzlichen Regelung berechtigt ist, die Nacherf\u00fcllung zu verweigern. Der Besteller hat dem Lieferer hierzu eine angemessene Frist zu gew\u00e4hren.<\/p>\n<p>8.2<\/p>\n<p>Die Nacherf\u00fcllung erfolgt nach Wahl des Kunden durch Beseitigung des Mangels oder alternativ durch Lieferung einer neuen Sache. Der Kunde ist w\u00e4hrend der Frist zur Nacherf\u00fcllung nicht berechtigt, den Kaufpreis zu mindern oder vom Vertrag zur\u00fcckzutreten. Die Nacherf\u00fcllung gilt als fehlgeschlagen, wenn der Lieferant die Nacherf\u00fcllung zweimal erfolglos versucht hat. Schl\u00e4gt die Nacherf\u00fcllung fehl, ist der Kunde berechtigt, den Kaufpreis zu mindern oder hinsichtlich der mangelhaften Ware vom Vertrag zur\u00fcckzutreten. Der Kunde ist nicht zum R\u00fccktritt vom Vertrag berechtigt, wenn der Mangel nicht erheblich ist.<\/p>\n<p>8.3<\/p>\n<p>Der Kunde ist berechtigt, Schadensersatz nach Ma\u00dfgabe der nachfolgenden Regelungen wegen eines Mangels zu verlangen, wenn die Nacherf\u00fcllung gem\u00e4\u00df den vorstehenden Regelungen fehlgeschlagen ist. Der Kunde kann jedoch keinen Schadenersatz verlangen, wenn der Kunde nicht nach den Anweisungen des Herstellers gehandelt hat.<\/p>\n<p>8.4<\/p>\n<p>Die Haftung ist auf Vorsatz und grobe Fahrl\u00e4ssigkeit beschr\u00e4nkt. Die Haftung ist auch auf Fahrl\u00e4ssigkeit beschr\u00e4nkt, au\u00dfer bei wesentlichen Vertragsverletzungen. In diesen F\u00e4llen ist die Haftung auf den charakteristischen vorhersehbaren Schaden begrenzt. Dies gilt auch f\u00fcr Schadensersatzanspr\u00fcche gegen Erf\u00fcllungsgehilfen und gesetzliche Vertreter. Eine weitergehende Haftung, gleich aus welchem Rechtsgrund, wird hiermit ausgeschlossen.<\/p>\n<p>8.5<\/p>\n<p>Insbesondere ist die Haftung ausgeschlossen f\u00fcr Sch\u00e4den, die nach der Zustellung zum Versand entstehen, sowie bei Datenverlust oder Daten\u00e4nderung \u00fcber elektronische Zustell- oder Nachrichtenmittel.<\/p>\n<p>8.6<\/p>\n<p>Jegliche Rechte bez\u00fcglich der Nutzung des Ger\u00e4tes im Zusammenhang mit der Anwendung der Kapseln werden hiermit ausgeschlossen. Rechte sind ausschlie\u00dflich im Hinblick auf das jeweilige Vertragsverh\u00e4ltnis geltend zu machen.<\/p>\n<p>8.7<\/p>\n<p>Die Gew\u00e4hrleistungsrechte verj\u00e4hren innerhalb von 2 Jahren ab Lieferung an den Kunden.<\/p>\n<p>&nbsp;<\/p>\n<p>9. <u>DATENSCHUTZ<\/u><\/p>\n<p>Zum Thema Datenschutz verweisen wir ausdr\u00fccklich auf die Datenschutzerkl\u00e4rung des Anbieters.<\/p>\n<p>Alle Daten, die der Kunde im Bestellprozess angibt, m\u00fcssen aktuell und wahrheitsgetreu sein. Die Weitergabe des Kundenpasswortes an Dritte ist untersagt und sollte vor dem Zugriff durch Unbefugte gesch\u00fctzt werden. Ein eventueller Verlust oder die Weitergabe des Passwortes ist dem Lieferanten unverz\u00fcglich schriftlich anzuzeigen. Der Kunde haftet im Rahmen der gesetzlichen Bestimmungen f\u00fcr Missbrauch, zB bei Bestellungen durch Dritte unter Verwendung seines Passwortes.<\/p>\n<p>&nbsp;<\/p>\n<p>10. <u>\u00c4NDERUNG DER ALLGEMEINEN GESCH\u00c4FTSBEDINGUNGEN<\/u><\/p>\n<p>F\u00fcr den Fall, dass die Vertragserf\u00fcllung in der Weise behindert wird, dass eine \u00c4nderung der geltenden Rechtsprechung oder der einschl\u00e4gigen Rechtsvorschriften erfolgt, wenn eine Abweichung von den Allgemeinen Gesch\u00e4ftsbedingungen (nachfolgend \u201eAGB\u201c) festgestellt wird \u201c), oder tritt eine wesentliche St\u00f6rung des Gleichgewichts zwischen Leistungserbringung und Gegenleistung bzw. Gegenleistung ein, beh\u00e4lt sich der Anbieter vor, diese AGB mit Wirkung f\u00fcr die Zukunft zu \u00e4ndern.<\/p>\n<p>&nbsp;<\/p>\n<p>11 <u>ANWENDBARES RECHT<\/u><\/p>\n<p>Es gilt Schweizer Recht ohne das UN-Kaufrecht.<\/p>\n<p>&nbsp;<\/p>\n<p>12 <u>GERICHTSSTAND<\/u><\/p>\n<p>Gerichtsstand ist Z\u00fcrich, Schweiz.<\/p>\n<p>_________________________________________<\/p>\n<p>Individuum Genf<\/p>\n<p>Rue d Italie 11, 1204 Genf,<\/p>\n<p>Schweiz<\/p>","protected":false},"excerpt":{"rendered":"<p>GENERAL BUSINESS TERMS AND CONDITIONS 1. APPLICABILITY 1.1 The General Business Terms and Conditions detailed hereinafter apply exclusively to the entire business relationship between \u2026supplier\u2026(hereinafter, also the \u201cSupplier\u201d, \u201cus\u201d or \u201cwe\u201d) and the customer (hereinafter \u2013 the \u201cCustomer\u201d). 1.2 All agreements reached between the Customer and the Supplier pertaining to the supply of goods arise, [&hellip;]<\/p>","protected":false},"author":1,"featured_media":0,"parent":0,"menu_order":0,"comment_status":"closed","ping_status":"closed","template":"","meta":{"_joinchat":[]},"yoast_head":"<!-- This site is optimized with the Yoast SEO plugin v20.8 - https:\/\/yoast.com\/wordpress\/plugins\/seo\/ -->\n<title>Terms and Conditions - Individuel Cosmetique<\/title>\n<meta name=\"robots\" content=\"noindex, follow, max-snippet:-1, max-image-preview:large, max-video-preview:-1\" \/>\n<meta property=\"og:locale\" content=\"de_DE\" \/>\n<meta property=\"og:type\" content=\"article\" \/>\n<meta property=\"og:title\" content=\"Terms and Conditions - Individuel Cosmetique\" \/>\n<meta property=\"og:description\" content=\"GENERAL BUSINESS TERMS AND CONDITIONS 1. APPLICABILITY 1.1 The General Business Terms and Conditions detailed hereinafter apply exclusively to the entire business relationship between \u2026supplier\u2026(hereinafter, also the \u201cSupplier\u201d, \u201cus\u201d or \u201cwe\u201d) and the customer (hereinafter \u2013 the \u201cCustomer\u201d). 1.2 All agreements reached between the Customer and the Supplier pertaining to the supply of goods arise, [&hellip;]\" \/>\n<meta property=\"og:url\" content=\"https:\/\/eu.individuelcosmetics.com\/de\/terms-and-conditions\/\" \/>\n<meta property=\"og:site_name\" content=\"Individuel Cosmetique\" \/>\n<meta property=\"article:modified_time\" content=\"2020-08-22T14:34:42+00:00\" \/>\n<meta name=\"twitter:card\" content=\"summary_large_image\" \/>\n<meta name=\"twitter:label1\" content=\"Gesch\u00e4tzte Lesezeit\" \/>\n\t<meta name=\"twitter:data1\" content=\"9\u00a0Minuten\" \/>\n<script type=\"application\/ld+json\" class=\"yoast-schema-graph\">{\"@context\":\"https:\/\/schema.org\",\"@graph\":[{\"@type\":\"WebPage\",\"@id\":\"https:\/\/eu.individuelcosmetics.com\/terms-and-conditions\/\",\"url\":\"https:\/\/eu.individuelcosmetics.com\/terms-and-conditions\/\",\"name\":\"Terms and Conditions - Individuel Cosmetique\",\"isPartOf\":{\"@id\":\"https:\/\/eu.individuelcosmetics.com\/#website\"},\"datePublished\":\"2020-03-04T04:50:17+00:00\",\"dateModified\":\"2020-08-22T14:34:42+00:00\",\"breadcrumb\":{\"@id\":\"https:\/\/eu.individuelcosmetics.com\/terms-and-conditions\/#breadcrumb\"},\"inLanguage\":\"de\",\"potentialAction\":[{\"@type\":\"ReadAction\",\"target\":[\"https:\/\/eu.individuelcosmetics.com\/terms-and-conditions\/\"]}]},{\"@type\":\"BreadcrumbList\",\"@id\":\"https:\/\/eu.individuelcosmetics.com\/terms-and-conditions\/#breadcrumb\",\"itemListElement\":[{\"@type\":\"ListItem\",\"position\":1,\"name\":\"Home\",\"item\":\"https:\/\/eu.individuelcosmetics.com\/\"},{\"@type\":\"ListItem\",\"position\":2,\"name\":\"Terms and Conditions\"}]},{\"@type\":\"WebSite\",\"@id\":\"https:\/\/eu.individuelcosmetics.com\/#website\",\"url\":\"https:\/\/eu.individuelcosmetics.com\/\",\"name\":\"Individuel Cosmetique\",\"description\":\"Tailor Made Beauty\",\"publisher\":{\"@id\":\"https:\/\/eu.individuelcosmetics.com\/#organization\"},\"potentialAction\":[{\"@type\":\"SearchAction\",\"target\":{\"@type\":\"EntryPoint\",\"urlTemplate\":\"https:\/\/eu.individuelcosmetics.com\/?s={search_term_string}\"},\"query-input\":\"required name=search_term_string\"}],\"inLanguage\":\"de\"},{\"@type\":\"Organization\",\"@id\":\"https:\/\/eu.individuelcosmetics.com\/#organization\",\"name\":\"Individuel Cosmetique\",\"url\":\"https:\/\/eu.individuelcosmetics.com\/\",\"logo\":{\"@type\":\"ImageObject\",\"inLanguage\":\"de\",\"@id\":\"https:\/\/eu.individuelcosmetics.com\/#\/schema\/logo\/image\/\",\"url\":\"https:\/\/eu.individuelcosmetics.com\/wp-content\/uploads\/2021\/09\/indilogo.png\",\"contentUrl\":\"https:\/\/eu.individuelcosmetics.com\/wp-content\/uploads\/2021\/09\/indilogo.png\",\"width\":175,\"height\":68,\"caption\":\"Individuel Cosmetique\"},\"image\":{\"@id\":\"https:\/\/eu.individuelcosmetics.com\/#\/schema\/logo\/image\/\"}}]}<\/script>\n<!-- \/ Yoast SEO plugin. -->","yoast_head_json":{"title":"Terms and Conditions - Individuel Cosmetique","robots":{"index":"noindex","follow":"follow","max-snippet":"max-snippet:-1","max-image-preview":"max-image-preview:large","max-video-preview":"max-video-preview:-1"},"og_locale":"de_DE","og_type":"article","og_title":"Terms and Conditions - Individuel Cosmetique","og_description":"GENERAL BUSINESS TERMS AND CONDITIONS 1. APPLICABILITY 1.1 The General Business Terms and Conditions detailed hereinafter apply exclusively to the entire business relationship between \u2026supplier\u2026(hereinafter, also the \u201cSupplier\u201d, \u201cus\u201d or \u201cwe\u201d) and the customer (hereinafter \u2013 the \u201cCustomer\u201d). 1.2 All agreements reached between the Customer and the Supplier pertaining to the supply of goods arise, [&hellip;]","og_url":"https:\/\/eu.individuelcosmetics.com\/de\/terms-and-conditions\/","og_site_name":"Individuel Cosmetique","article_modified_time":"2020-08-22T14:34:42+00:00","twitter_card":"summary_large_image","twitter_misc":{"Gesch\u00e4tzte Lesezeit":"9\u00a0Minuten"},"schema":{"@context":"https:\/\/schema.org","@graph":[{"@type":"WebPage","@id":"https:\/\/eu.individuelcosmetics.com\/terms-and-conditions\/","url":"https:\/\/eu.individuelcosmetics.com\/terms-and-conditions\/","name":"Terms and Conditions - Individuel Cosmetique","isPartOf":{"@id":"https:\/\/eu.individuelcosmetics.com\/#website"},"datePublished":"2020-03-04T04:50:17+00:00","dateModified":"2020-08-22T14:34:42+00:00","breadcrumb":{"@id":"https:\/\/eu.individuelcosmetics.com\/terms-and-conditions\/#breadcrumb"},"inLanguage":"de","potentialAction":[{"@type":"ReadAction","target":["https:\/\/eu.individuelcosmetics.com\/terms-and-conditions\/"]}]},{"@type":"BreadcrumbList","@id":"https:\/\/eu.individuelcosmetics.com\/terms-and-conditions\/#breadcrumb","itemListElement":[{"@type":"ListItem","position":1,"name":"Home","item":"https:\/\/eu.individuelcosmetics.com\/"},{"@type":"ListItem","position":2,"name":"Terms and Conditions"}]},{"@type":"WebSite","@id":"https:\/\/eu.individuelcosmetics.com\/#website","url":"https:\/\/eu.individuelcosmetics.com\/","name":"Individuel Cosmetique","description":"Tailor Made Beauty","publisher":{"@id":"https:\/\/eu.individuelcosmetics.com\/#organization"},"potentialAction":[{"@type":"SearchAction","target":{"@type":"EntryPoint","urlTemplate":"https:\/\/eu.individuelcosmetics.com\/?s={search_term_string}"},"query-input":"required name=search_term_string"}],"inLanguage":"de"},{"@type":"Organization","@id":"https:\/\/eu.individuelcosmetics.com\/#organization","name":"Individuel Cosmetique","url":"https:\/\/eu.individuelcosmetics.com\/","logo":{"@type":"ImageObject","inLanguage":"de","@id":"https:\/\/eu.individuelcosmetics.com\/#\/schema\/logo\/image\/","url":"https:\/\/eu.individuelcosmetics.com\/wp-content\/uploads\/2021\/09\/indilogo.png","contentUrl":"https:\/\/eu.individuelcosmetics.com\/wp-content\/uploads\/2021\/09\/indilogo.png","width":175,"height":68,"caption":"Individuel Cosmetique"},"image":{"@id":"https:\/\/eu.individuelcosmetics.com\/#\/schema\/logo\/image\/"}}]}},"_links":{"self":[{"href":"https:\/\/eu.individuelcosmetics.com\/de\/wp-json\/wp\/v2\/pages\/1079"}],"collection":[{"href":"https:\/\/eu.individuelcosmetics.com\/de\/wp-json\/wp\/v2\/pages"}],"about":[{"href":"https:\/\/eu.individuelcosmetics.com\/de\/wp-json\/wp\/v2\/types\/page"}],"author":[{"embeddable":true,"href":"https:\/\/eu.individuelcosmetics.com\/de\/wp-json\/wp\/v2\/users\/1"}],"replies":[{"embeddable":true,"href":"https:\/\/eu.individuelcosmetics.com\/de\/wp-json\/wp\/v2\/comments?post=1079"}],"version-history":[{"count":13,"href":"https:\/\/eu.individuelcosmetics.com\/de\/wp-json\/wp\/v2\/pages\/1079\/revisions"}],"predecessor-version":[{"id":2542,"href":"https:\/\/eu.individuelcosmetics.com\/de\/wp-json\/wp\/v2\/pages\/1079\/revisions\/2542"}],"wp:attachment":[{"href":"https:\/\/eu.individuelcosmetics.com\/de\/wp-json\/wp\/v2\/media?parent=1079"}],"curies":[{"name":"wp","href":"https:\/\/api.w.org\/{rel}","templated":true}]}}