{"id":3,"date":"2020-01-28T08:48:44","date_gmt":"2020-01-28T08:48:44","guid":{"rendered":"https:\/\/eu.individuelcosmetics.com\/?page_id=3"},"modified":"2020-04-21T15:03:53","modified_gmt":"2020-04-21T15:03:53","slug":"privacy-policy","status":"publish","type":"page","link":"https:\/\/eu.individuelcosmetics.com\/de\/privacy-policy\/","title":{"rendered":"Datenschutz-Bestimmungen"},"content":{"rendered":"<h2 class=\"wp-block-heading\">Wer wir sind<\/h2>\r\n\r\n\r\n\r\n<p>Unsere Website-Adresse lautet: https:\/\/eu.individuelcosmetics.com.<\/p>\r\n\r\n\r\n\r\n<h2 class=\"wp-block-heading\">Welche personenbezogenen Daten wir erheben und warum wir sie erheben<\/h2>\r\n\r\n\r\n\r\n<h3 class=\"wp-block-heading\">Bemerkungen<\/h3>\r\n\r\n\r\n\r\n<p>Wenn Besucher Kommentare auf der Website hinterlassen, erfassen wir die im Kommentarformular angezeigten Daten sowie die IP-Adresse und die Zeichenfolge des Browser-Benutzeragenten des Besuchers, um die Spam-Erkennung zu unterst\u00fctzen.<\/p>\r\n\r\n\r\n\r\n<p>Eine anonymisierte Zeichenfolge, die aus Ihrer E-Mail-Adresse erstellt wurde (auch als Hash bezeichnet), kann dem Gravatar-Dienst zur Verf\u00fcgung gestellt werden, um zu sehen, ob Sie ihn verwenden. Die Datenschutzerkl\u00e4rung des Gravatar-Dienstes finden Sie hier: https:\/\/automattic.com\/privacy\/. Nach Freigabe Ihres Kommentars ist Ihr Profilbild im Kontext Ihres Kommentars \u00f6ffentlich sichtbar.<\/p>\r\n\r\n\r\n\r\n<h3 class=\"wp-block-heading\">Medien<\/h3>\r\n\r\n\r\n\r\n<p>Wenn Sie Bilder auf die Website hochladen, sollten Sie das Hochladen von Bildern mit eingebetteten Standortdaten (EXIF-GPS) vermeiden. Besucher der Website k\u00f6nnen beliebige Standortdaten aus Bildern auf der Website herunterladen und extrahieren.<\/p>\r\n\r\n\r\n\r\n<h3 class=\"wp-block-heading\">Kontaktformulare<\/h3>\r\n\r\n\r\n\r\n<h3 class=\"wp-block-heading\">Kekse<\/h3>\r\n\r\n\r\n\r\n<p>Wenn Sie einen Kommentar auf unserer Website hinterlassen, k\u00f6nnen Sie sich daf\u00fcr entscheiden, Ihren Namen, Ihre E-Mail-Adresse und Ihre Website in Cookies zu speichern. Diese dienen Ihrer Bequemlichkeit, damit Sie Ihre Daten nicht erneut eingeben m\u00fcssen, wenn Sie einen weiteren Kommentar hinterlassen. Diese Cookies sind ein Jahr lang g\u00fcltig.<\/p>\r\n\r\n\r\n\r\n<p>Wenn Sie unsere Anmeldeseite besuchen, setzen wir ein tempor\u00e4res Cookie, um festzustellen, ob Ihr Browser Cookies akzeptiert. Dieses Cookie enth\u00e4lt keine personenbezogenen Daten und wird verworfen, wenn Sie Ihren Browser schlie\u00dfen.<\/p>\r\n\r\n\r\n\r\n<p>Wenn Sie sich anmelden, werden wir auch mehrere Cookies einrichten, um Ihre Anmeldeinformationen und Ihre Bildschirmanzeigeoptionen zu speichern. Anmelde-Cookies sind zwei Tage g\u00fcltig und Cookies f\u00fcr Bildschirmoptionen sind ein Jahr g\u00fcltig. Wenn Sie \u201eRemember Me\u201c ausw\u00e4hlen, bleibt Ihr Login zwei Wochen lang bestehen. Wenn Sie sich von Ihrem Konto abmelden, werden die Anmelde-Cookies entfernt.<\/p>\r\n\r\n\r\n\r\n<p>Wenn Sie einen Artikel bearbeiten oder ver\u00f6ffentlichen, wird ein zus\u00e4tzlicher Cookie in Ihrem Browser gespeichert. Dieses Cookie enth\u00e4lt keine personenbezogenen Daten und gibt lediglich die Beitrags-ID des gerade bearbeiteten Artikels an. Es verf\u00e4llt nach 1 Tag.<\/p>\r\n\r\n\r\n\r\n<h3 class=\"wp-block-heading\">Eingebettete Inhalte von anderen Websites<\/h3>\r\n\r\n\r\n\r\n<p>Artikel auf dieser Site k\u00f6nnen eingebettete Inhalte (zB Videos, Bilder, Artikel usw.) enthalten. Eingebettete Inhalte von anderen Websites verhalten sich genau so, als ob der Besucher die andere Website besucht h\u00e4tte.<\/p>\r\n\r\n\r\n\r\n<p>Diese Websites k\u00f6nnen Daten \u00fcber Sie sammeln, Cookies verwenden, zus\u00e4tzliches Tracking von Drittanbietern einbetten und Ihre Interaktion mit diesem eingebetteten Inhalt \u00fcberwachen, einschlie\u00dflich der Verfolgung Ihrer Interaktion mit dem eingebetteten Inhalt, wenn Sie ein Konto haben und auf dieser Website angemeldet sind.<\/p>\r\n\r\n\r\n\r\n<h3 class=\"wp-block-heading\">Analytik<\/h3>\r\n\r\n\r\n\r\n<h2 class=\"wp-block-heading\">Mit wem wir Ihre Daten teilen<\/h2>\r\n\r\n\r\n\r\n<h2 class=\"wp-block-heading\">Wie lange wir Ihre Daten aufbewahren<\/h2>\r\n\r\n\r\n\r\n<p>Wenn Sie einen Kommentar hinterlassen, werden der Kommentar und seine Metadaten auf unbestimmte Zeit gespeichert. Auf diese Weise k\u00f6nnen wir Folgekommentare automatisch erkennen und genehmigen, anstatt sie in einer Moderationswarteschlange festzuhalten.<\/p>\r\n\r\n\r\n\r\n<p>F\u00fcr Benutzer, die sich auf unserer Website registrieren (falls vorhanden), speichern wir au\u00dferdem die personenbezogenen Daten, die sie in ihrem Benutzerprofil angeben. Alle Benutzer k\u00f6nnen ihre pers\u00f6nlichen Daten jederzeit einsehen, bearbeiten oder l\u00f6schen (au\u00dfer sie k\u00f6nnen ihren Benutzernamen nicht \u00e4ndern). Website-Administratoren k\u00f6nnen diese Informationen auch anzeigen und bearbeiten.<\/p>\r\n\r\n\r\n\r\n<h2 class=\"wp-block-heading\">Welche Rechte haben Sie an Ihren Daten<\/h2>\r\n\r\n\r\n\r\n<p>Wenn Sie ein Konto auf dieser Website haben oder Kommentare hinterlassen haben, k\u00f6nnen Sie eine exportierte Datei der von uns \u00fcber Sie gespeicherten personenbezogenen Daten anfordern, einschlie\u00dflich aller Daten, die Sie uns zur Verf\u00fcgung gestellt haben. Sie k\u00f6nnen auch verlangen, dass wir alle personenbezogenen Daten, die wir \u00fcber Sie gespeichert haben, l\u00f6schen. Dies umfasst keine Daten, die wir aus administrativen, rechtlichen oder Sicherheitsgr\u00fcnden aufbewahren m\u00fcssen.<\/p>\r\n\r\n\r\n\r\n<h2 class=\"wp-block-heading\">Wohin wir Ihre Daten senden<\/h2>\r\n\r\n\r\n\r\n<p>Besucherkommentare k\u00f6nnen durch einen automatisierten Spam-Erkennungsdienst \u00fcberpr\u00fcft werden.<\/p>\r\n\r\n\r\n\r\n<h2 class=\"wp-block-heading\">Ihre Kontaktinformationen<\/h2>\r\n\r\n\r\n\r\n<h2 class=\"wp-block-heading\">Zus\u00e4tzliche Information<\/h2>\r\n\r\n\r\n\r\n<h3 class=\"wp-block-heading\">Wie wir Ihre Daten sch\u00fctzen<\/h3>\r\n\r\n\r\n\r\n<h3 class=\"wp-block-heading\">Welche Datenschutzverletzungsverfahren haben wir eingef\u00fchrt?<\/h3>\r\n\r\n\r\n\r\n<h3 class=\"wp-block-heading\">Von welchen Dritten erhalten wir Daten<\/h3>\r\n\r\n\r\n\r\n<h3 class=\"wp-block-heading\">Welche automatisierte Entscheidungsfindung und\/oder Profilerstellung wir mit Benutzerdaten machen<\/h3>\r\n\r\n\r\n\r\n<h3 class=\"wp-block-heading\">Offenlegungspflichten der Branche<\/h3>","protected":false},"excerpt":{"rendered":"<p>Who we are Our website address is: https:\/\/eu.individuelcosmetics.com. What personal data we collect and why we collect it Comments When visitors leave comments on the site we collect the data shown in the comments form, and also the visitor\u2019s IP address and browser user agent string to help spam detection. An anonymized string created from [&hellip;]<\/p>","protected":false},"author":1,"featured_media":0,"parent":0,"menu_order":0,"comment_status":"closed","ping_status":"open","template":"","meta":{"_joinchat":[]},"yoast_head":"<!-- This site is optimized with the Yoast SEO plugin v20.8 - https:\/\/yoast.com\/wordpress\/plugins\/seo\/ -->\n<title>Privacy Policy - Individuel Cosmetique<\/title>\n<meta name=\"robots\" content=\"noindex, follow, max-snippet:-1, max-image-preview:large, max-video-preview:-1\" \/>\n<meta property=\"og:locale\" content=\"de_DE\" \/>\n<meta property=\"og:type\" content=\"article\" \/>\n<meta property=\"og:title\" content=\"Privacy Policy - Individuel Cosmetique\" \/>\n<meta property=\"og:description\" content=\"Who we are Our website address is: https:\/\/eu.individuelcosmetics.com. What personal data we collect and why we collect it Comments When visitors leave comments on the site we collect the data shown in the comments form, and also the visitor\u2019s IP address and browser user agent string to help spam detection. An anonymized string created from [&hellip;]\" \/>\n<meta property=\"og:url\" content=\"https:\/\/eu.individuelcosmetics.com\/de\/privacy-policy\/\" \/>\n<meta property=\"og:site_name\" content=\"Individuel Cosmetique\" \/>\n<meta property=\"article:modified_time\" content=\"2020-04-21T15:03:53+00:00\" \/>\n<meta name=\"twitter:card\" content=\"summary_large_image\" \/>\n<meta name=\"twitter:label1\" content=\"Gesch\u00e4tzte Lesezeit\" \/>\n\t<meta name=\"twitter:data1\" content=\"3\u00a0Minuten\" \/>\n<script type=\"application\/ld+json\" class=\"yoast-schema-graph\">{\"@context\":\"https:\/\/schema.org\",\"@graph\":[{\"@type\":\"WebPage\",\"@id\":\"https:\/\/eu.individuelcosmetics.com\/privacy-policy\/\",\"url\":\"https:\/\/eu.individuelcosmetics.com\/privacy-policy\/\",\"name\":\"Privacy Policy - Individuel Cosmetique\",\"isPartOf\":{\"@id\":\"https:\/\/eu.individuelcosmetics.com\/#website\"},\"datePublished\":\"2020-01-28T08:48:44+00:00\",\"dateModified\":\"2020-04-21T15:03:53+00:00\",\"breadcrumb\":{\"@id\":\"https:\/\/eu.individuelcosmetics.com\/privacy-policy\/#breadcrumb\"},\"inLanguage\":\"de\",\"potentialAction\":[{\"@type\":\"ReadAction\",\"target\":[\"https:\/\/eu.individuelcosmetics.com\/privacy-policy\/\"]}]},{\"@type\":\"BreadcrumbList\",\"@id\":\"https:\/\/eu.individuelcosmetics.com\/privacy-policy\/#breadcrumb\",\"itemListElement\":[{\"@type\":\"ListItem\",\"position\":1,\"name\":\"Home\",\"item\":\"https:\/\/eu.individuelcosmetics.com\/\"},{\"@type\":\"ListItem\",\"position\":2,\"name\":\"Privacy Policy\"}]},{\"@type\":\"WebSite\",\"@id\":\"https:\/\/eu.individuelcosmetics.com\/#website\",\"url\":\"https:\/\/eu.individuelcosmetics.com\/\",\"name\":\"Individuel Cosmetique\",\"description\":\"Tailor Made Beauty\",\"publisher\":{\"@id\":\"https:\/\/eu.individuelcosmetics.com\/#organization\"},\"potentialAction\":[{\"@type\":\"SearchAction\",\"target\":{\"@type\":\"EntryPoint\",\"urlTemplate\":\"https:\/\/eu.individuelcosmetics.com\/?s={search_term_string}\"},\"query-input\":\"required name=search_term_string\"}],\"inLanguage\":\"de\"},{\"@type\":\"Organization\",\"@id\":\"https:\/\/eu.individuelcosmetics.com\/#organization\",\"name\":\"Individuel Cosmetique\",\"url\":\"https:\/\/eu.individuelcosmetics.com\/\",\"logo\":{\"@type\":\"ImageObject\",\"inLanguage\":\"de\",\"@id\":\"https:\/\/eu.individuelcosmetics.com\/#\/schema\/logo\/image\/\",\"url\":\"https:\/\/eu.individuelcosmetics.com\/wp-content\/uploads\/2021\/09\/indilogo.png\",\"contentUrl\":\"https:\/\/eu.individuelcosmetics.com\/wp-content\/uploads\/2021\/09\/indilogo.png\",\"width\":175,\"height\":68,\"caption\":\"Individuel Cosmetique\"},\"image\":{\"@id\":\"https:\/\/eu.individuelcosmetics.com\/#\/schema\/logo\/image\/\"}}]}<\/script>\n<!-- \/ Yoast SEO plugin. -->","yoast_head_json":{"title":"Privacy Policy - Individuel Cosmetique","robots":{"index":"noindex","follow":"follow","max-snippet":"max-snippet:-1","max-image-preview":"max-image-preview:large","max-video-preview":"max-video-preview:-1"},"og_locale":"de_DE","og_type":"article","og_title":"Privacy Policy - Individuel Cosmetique","og_description":"Who we are Our website address is: https:\/\/eu.individuelcosmetics.com. What personal data we collect and why we collect it Comments When visitors leave comments on the site we collect the data shown in the comments form, and also the visitor\u2019s IP address and browser user agent string to help spam detection. An anonymized string created from [&hellip;]","og_url":"https:\/\/eu.individuelcosmetics.com\/de\/privacy-policy\/","og_site_name":"Individuel Cosmetique","article_modified_time":"2020-04-21T15:03:53+00:00","twitter_card":"summary_large_image","twitter_misc":{"Gesch\u00e4tzte Lesezeit":"3\u00a0Minuten"},"schema":{"@context":"https:\/\/schema.org","@graph":[{"@type":"WebPage","@id":"https:\/\/eu.individuelcosmetics.com\/privacy-policy\/","url":"https:\/\/eu.individuelcosmetics.com\/privacy-policy\/","name":"Privacy Policy - Individuel Cosmetique","isPartOf":{"@id":"https:\/\/eu.individuelcosmetics.com\/#website"},"datePublished":"2020-01-28T08:48:44+00:00","dateModified":"2020-04-21T15:03:53+00:00","breadcrumb":{"@id":"https:\/\/eu.individuelcosmetics.com\/privacy-policy\/#breadcrumb"},"inLanguage":"de","potentialAction":[{"@type":"ReadAction","target":["https:\/\/eu.individuelcosmetics.com\/privacy-policy\/"]}]},{"@type":"BreadcrumbList","@id":"https:\/\/eu.individuelcosmetics.com\/privacy-policy\/#breadcrumb","itemListElement":[{"@type":"ListItem","position":1,"name":"Home","item":"https:\/\/eu.individuelcosmetics.com\/"},{"@type":"ListItem","position":2,"name":"Privacy Policy"}]},{"@type":"WebSite","@id":"https:\/\/eu.individuelcosmetics.com\/#website","url":"https:\/\/eu.individuelcosmetics.com\/","name":"Individuel Cosmetique","description":"Tailor Made Beauty","publisher":{"@id":"https:\/\/eu.individuelcosmetics.com\/#organization"},"potentialAction":[{"@type":"SearchAction","target":{"@type":"EntryPoint","urlTemplate":"https:\/\/eu.individuelcosmetics.com\/?s={search_term_string}"},"query-input":"required name=search_term_string"}],"inLanguage":"de"},{"@type":"Organization","@id":"https:\/\/eu.individuelcosmetics.com\/#organization","name":"Individuel Cosmetique","url":"https:\/\/eu.individuelcosmetics.com\/","logo":{"@type":"ImageObject","inLanguage":"de","@id":"https:\/\/eu.individuelcosmetics.com\/#\/schema\/logo\/image\/","url":"https:\/\/eu.individuelcosmetics.com\/wp-content\/uploads\/2021\/09\/indilogo.png","contentUrl":"https:\/\/eu.individuelcosmetics.com\/wp-content\/uploads\/2021\/09\/indilogo.png","width":175,"height":68,"caption":"Individuel Cosmetique"},"image":{"@id":"https:\/\/eu.individuelcosmetics.com\/#\/schema\/logo\/image\/"}}]}},"_links":{"self":[{"href":"https:\/\/eu.individuelcosmetics.com\/de\/wp-json\/wp\/v2\/pages\/3"}],"collection":[{"href":"https:\/\/eu.individuelcosmetics.com\/de\/wp-json\/wp\/v2\/pages"}],"about":[{"href":"https:\/\/eu.individuelcosmetics.com\/de\/wp-json\/wp\/v2\/types\/page"}],"author":[{"embeddable":true,"href":"https:\/\/eu.individuelcosmetics.com\/de\/wp-json\/wp\/v2\/users\/1"}],"replies":[{"embeddable":true,"href":"https:\/\/eu.individuelcosmetics.com\/de\/wp-json\/wp\/v2\/comments?post=3"}],"version-history":[{"count":1,"href":"https:\/\/eu.individuelcosmetics.com\/de\/wp-json\/wp\/v2\/pages\/3\/revisions"}],"predecessor-version":[{"id":2142,"href":"https:\/\/eu.individuelcosmetics.com\/de\/wp-json\/wp\/v2\/pages\/3\/revisions\/2142"}],"wp:attachment":[{"href":"https:\/\/eu.individuelcosmetics.com\/de\/wp-json\/wp\/v2\/media?parent=3"}],"curies":[{"name":"wp","href":"https:\/\/api.w.org\/{rel}","templated":true}]}}