{"id":1079,"date":"2020-03-04T04:50:17","date_gmt":"2020-03-04T04:50:17","guid":{"rendered":"https:\/\/eu.individuelcosmetics.com\/?page_id=1079"},"modified":"2020-08-22T14:34:42","modified_gmt":"2020-08-22T14:34:42","slug":"terms-and-conditions","status":"publish","type":"page","link":"https:\/\/eu.individuelcosmetics.com\/fr\/terms-and-conditions\/","title":{"rendered":"Termes et conditions"},"content":{"rendered":"<p>CONDITIONS G\u00c9N\u00c9RALES COMMERCIALES<\/p>\n<p>1. <u>APPLICABILIT\u00c9<\/u><\/p>\n<p>1.1<\/p>\n<p>Les conditions g\u00e9n\u00e9rales de vente d\u00e9taill\u00e9es ci-apr\u00e8s s&#039;appliquent exclusivement \u00e0 l&#039;ensemble de la relation commerciale entre \u2026<strong>fournisseur<\/strong>\u2026 (ci-apr\u00e8s, \u00e9galement le \u00ab<strong>Fournisseur<\/strong>&quot;&quot;, &quot;<strong>nous<\/strong>&quot; ou alors &quot;<strong>nous<\/strong>&quot;) et le client (ci-apr\u00e8s - le &quot;<strong>Client<\/strong>\u00bb).<\/p>\n<p>1.2<\/p>\n<p>Tous les accords conclus entre le Client et le Fournisseur concernant la fourniture de marchandises d\u00e9coulent notamment des pr\u00e9sentes Conditions G\u00e9n\u00e9rales de Vente, de notre confirmation \u00e9crite de commande et de notre d\u00e9claration d&#039;acceptation. Les autres conditions commerciales g\u00e9n\u00e9rales contradictoires, divergentes ou suppl\u00e9mentaires du client ne sont pas reconnues.<\/p>\n<p>&nbsp;<\/p>\n<p>2. <u>CONCLUSION DU CONTRAT, INFORMATIONS NON CONTRAIGNANTES<\/u><\/p>\n<p>2.1<\/p>\n<p>Toute information fournie sur notre produit et nos prix jusqu&#039;\u00e0 la confirmation par le Fournisseur est sans engagement et sans engagement. Les informations et explications concernant nos produits sont bas\u00e9es exclusivement sur notre exp\u00e9rience ant\u00e9rieure. Les valeurs donn\u00e9es ici doivent \u00eatre consid\u00e9r\u00e9es comme des valeurs moyennes. Toutes les informations sur nos produits, en particulier les informations contenues dans nos offres et imprim\u00e9s, sont des valeurs moyennes approximatives. Nos instructions d&#039;utilisation ont \u00e9t\u00e9 r\u00e9dig\u00e9es avec le soin habituel dans l&#039;industrie, mais ne d\u00e9gagent pas nos clients de l&#039;obligation de tester l&#039;ad\u00e9quation des produits \u00e0 l&#039;usage auquel ils sont destin\u00e9s. Une garantie n&#039;est r\u00e9put\u00e9e avoir \u00e9t\u00e9 prise en charge par nous que si nous avons d\u00e9crit une caract\u00e9ristique comme \u00ab garantie \u00bb par \u00e9crit. Nous n&#039;assumons aucune responsabilit\u00e9 pour l&#039;utilisation de nos produits aux fins pr\u00e9vues par le client en dehors de la responsabilit\u00e9 juridiquement contraignante, sauf si nous en avons convenu autrement par \u00e9crit avec le client.<\/p>\n<p>2.2<\/p>\n<p>Le client a le droit de soumettre une offre ferme de conclure un contrat pour la fourniture continue de produits en remplissant enti\u00e8rement le bon de commande fourni par le fournisseur et en le confirmant.<\/p>\n<p>2.3<\/p>\n<p>Le fournisseur est en droit d&#039;accepter explicitement cette offre en envoyant une d\u00e9claration d&#039;acceptation ferme, en livrant les marchandises command\u00e9es ou en d\u00e9bitant le prix d&#039;achat. Jusqu&#039;\u00e0 ce stade, le Fournisseur est en droit de refuser l&#039;acceptation \u00e0 tout moment sans indication de motifs, et un contrat n&#039;est effectivement conclu entre le Client et le Fournisseur que lors de l&#039;acceptation de l&#039;offre par le Fournisseur.<\/p>\n<p>&nbsp;<\/p>\n<p>3. <u>QUANTIT\u00c9S DE LIVRAISON<\/u><\/p>\n<p>Les capsules sont disponibles en abonnements de 14, 28 et 56 semaines, et la quantit\u00e9 minimale de livraison est de 8 capsules.<\/p>\n<p>4. <u>LE DROIT STATUTAIRE DE RETRACTATION DU CLIENT<\/u><\/p>\n<p>Le Fournisseur attire l&#039;attention du Client sur les dispositions ci-apr\u00e8s des pr\u00e9sentes Conditions G\u00e9n\u00e9rales de Vente relatives au droit de r\u00e9tractation l\u00e9gal dont disposent les consommateurs.<\/p>\n<p>4.1 DROIT DE R\u00c9TRACTATION<\/p>\n<p>Lorsque vous achetez des produits et que vous \u00eates un consommateur, vous disposez d&#039;un droit l\u00e9gal de r\u00e9tractation. Si vous achetez les capsules pour votre activit\u00e9 commerciale ou votre travail ind\u00e9pendant en tant qu&#039;entrepreneur, vous n&#039;avez aucun droit l\u00e9gal de r\u00e9tractation.<\/p>\n<p>La premi\u00e8re chose que vous devez savoir est que si vous d\u00e9cidez de retourner des produits, vous pouvez utiliser l&#039;\u00e9tiquette d&#039;exp\u00e9dition de retour jointe \u00e0 votre commande. Si vous avez besoin d&#039;une nouvelle \u00e9tiquette d&#039;exp\u00e9dition de retour, vous pouvez contacter le service client pour en demander une (coordonn\u00e9es ci-dessous). Veuillez nous aider \u00e0 \u00e9viter des co\u00fbts inutiles en utilisant toujours l&#039;\u00e9tiquette d&#039;exp\u00e9dition de retour lors du retour de produits.<\/p>\n<p>Vous avez le droit de r\u00e9silier ce contrat dans un d\u00e9lai de quatorze jours sans indication de motif. Le d\u00e9lai de r\u00e9tractation est de quatorze jours \u00e0 compter de la date \u00e0 laquelle vous, ou un tiers d\u00e9sign\u00e9 par vous \u00e0 cet effet, qui n&#039;est pas l&#039;exp\u00e9diteur, prenez possession de la premi\u00e8re marchandise. Afin d&#039;exercer votre droit de r\u00e9tractation, vous \u00eates tenu de nous informer de votre d\u00e9cision de r\u00e9silier le pr\u00e9sent contrat en nous adressant une d\u00e9claration sans \u00e9quivoque (par exemple par une lettre envoy\u00e9e par la poste, un appel t\u00e9l\u00e9phonique et un message \u00e9lectronique). Vous pouvez, mais ne devez pas, utiliser le mod\u00e8le de formulaire de r\u00e9vocation fourni ci-dessous \u00e0 cet effet. (Vous pouvez le joindre \u00e0 un e-mail et le compl\u00e9ter avec vos donn\u00e9es personnelles, ou nous l&#039;envoyer sous forme de lettre apr\u00e8s l&#039;avoir imprim\u00e9 et compl\u00e9t\u00e9).<\/p>\n<p>4.2 CONSEQUENCES DU DROIT DE RETRACTATION<\/p>\n<p>Dans le cas o\u00f9 vous r\u00e9siliez ce contrat, nous sommes tenus de vous rembourser tous les paiements que nous avons re\u00e7us, y compris les frais de livraison (\u00e0 l&#039;exception des frais suppl\u00e9mentaires encourus du fait que vous avez choisi un mode de livraison diff\u00e9rent de celui standard raisonnablement exp\u00e9dition tarif\u00e9e que nous avons propos\u00e9e), imm\u00e9diatement et au plus tard dans les quatorze jours \u00e0 compter de la date \u00e0 laquelle nous avons re\u00e7u la notification de votre r\u00e9tractation telle que mentionn\u00e9e ci-dessus. \u00c0 moins que les deux parties n&#039;aient express\u00e9ment convenu d&#039;une proc\u00e9dure diff\u00e9rente, nous utilisons le m\u00eame mode de paiement pour effectuer ce remboursement de paiement que celui que vous avez utilis\u00e9 pour la transaction d&#039;origine. En aucun cas, nous ne vous facturerons des frais pour un tel remboursement de paiement. Nous serons en droit de refuser d&#039;effectuer le remboursement du paiement jusqu&#039;\u00e0 ce que nous recevions la possession des marchandises, ou jusqu&#039;\u00e0 ce que vous fournissiez la preuve du retour des marchandises, la date la plus proche de ces deux options.<\/p>\n<p>Vous \u00eates tenu de retourner, de rendre ou de retourner les marchandises sans d\u00e9lai, et en tout \u00e9tat de cause au plus tard dans les quatorze jours \u00e0 compter de la date \u00e0 laquelle vous nous informez de la r\u00e9siliation du pr\u00e9sent contrat. Le d\u00e9lai est conserv\u00e9 si vous envoyez la marchandise avant la date d&#039;expiration du d\u00e9lai susvis\u00e9. Nous prendrons en charge les frais de remboursement des marchandises, si vous avez demand\u00e9 \u00e0 l&#039;avance \u00e0 info@individuelcosmetics.com une \u00e9tiquette de retour et l&#039;avez utilis\u00e9e.<\/p>\n<p>Vous n&#039;\u00eates responsable d&#039;une \u00e9ventuelle perte de valeur du produit que dans le cas o\u00f9 une telle perte peut \u00eatre attribu\u00e9e, par la mise en \u0153uvre d&#039;un test de ses caract\u00e9ristiques, caract\u00e9ristiques et mode de fonctionnement, \u00e0 une manipulation inutile de ces marchandises.<\/p>\n<p>4.3 EXCEPTIONS AU DROIT DE R\u00c9TRACTATION<\/p>\n<p>Le droit de r\u00e9tractation ne s&#039;applique pas aux contrats concernant la livraison de marchandises, qui ne conviennent pas \u00e0 une livraison de retour, ou qui peuvent se d\u00e9t\u00e9riorer rapidement en raison de leurs caract\u00e9ristiques Cela s&#039;applique, par exemple, \u00e0 d\u00e9j\u00e0 <strong>utilis\u00e9 <\/strong>ou pour <strong>produits cosm\u00e9tiques impuret\u00e9s, surtout s&#039;ils sont ouverts.<\/strong><\/p>\n<p>&nbsp;<\/p>\n<p>5. <u>P\u00c9RIODE DE CONTRAT, R\u00c9SILIATION ET PROLONGATION DE CONTRAT<\/u><\/p>\n<p>En cas d&#039;offres variables avec des p\u00e9riodes fixes, le contrat se termine \u00e0 l&#039;expiration de la p\u00e9riode convenue d&#039;un commun accord, ou \u00e0 la fin de la derni\u00e8re livraison. Un avis s\u00e9par\u00e9 de r\u00e9siliation du contrat n&#039;est pas requis.<\/p>\n<p>&nbsp;<\/p>\n<p>6. <u>FOURNITURE, DATES DE FOURNITURE, EXIGENCES DE FOURNITURE, FOURNITURES PARTIELLES ET R\u00c9SERVE DE PROPRI\u00c9T\u00c9<\/u><\/p>\n<p>6.1<\/p>\n<p>Le Fournisseur se r\u00e9serve le droit de ne fournir qu&#039;apr\u00e8s paiement par le Client. Aucun droit n&#039;existe pour une fourniture avant paiement.<\/p>\n<p>6.2<\/p>\n<p>La fourniture est effectu\u00e9e conform\u00e9ment aux d\u00e9lais publi\u00e9s. Nos dates de livraison ou d\u00e9lais de livraison sont exclusivement des informations sans engagement bien que nous nous efforcions de respecter les d\u00e9lais de livraison.<\/p>\n<p>6.3<\/p>\n<p>Le Fournisseur a le droit \u00e0 tout moment \u00e0 une livraison partielle ou \u00e0 des prestations partielles, sous r\u00e9serve que ce qui pr\u00e9c\u00e8de soit raisonnable du point de vue du Client.<\/p>\n<p>&nbsp;<\/p>\n<p>7. <u>PRIX ET FRAIS D&#039;EXP\u00c9DITION, \u00c9CH\u00c9ANCE, PAIEMENT, COMPENSATION ET R\u00c9TENTION <\/u><\/p>\n<p>7.1<\/p>\n<p>L&#039;exp\u00e9dition des produits s&#039;effectue aux frais du donneur d&#039;ordre. Les frais d&#039;exp\u00e9dition sont d\u00e9taill\u00e9s dans la liste de prix.<\/p>\n<p>7.2<\/p>\n<p>La dette de prix d&#039;achat du Fournisseur est exigible \u00e0 la commande sans pr\u00e9judice d&#039;un droit de r\u00e9tractation existant conform\u00e9ment \u00e0 la loi.<\/p>\n<p>7.3<\/p>\n<p>Le client est autoris\u00e9 \u00e0 utiliser uniquement les modes de paiement convenus d&#039;un commun accord et divulgu\u00e9s lors de la confirmation de la commande respective.<\/p>\n<p>7.4<\/p>\n<p>Le Client n&#039;a droit \u00e0 la compensation que si ses contre-pr\u00e9tentions ont \u00e9t\u00e9 d\u00e9termin\u00e9es avec effet juridique, ou dans les cas o\u00f9 elles ne sont pas refus\u00e9es par le Fournisseur. Le Client n&#039;a le droit d&#039;exercer son droit de r\u00e9tention que si sa contre-pr\u00e9tention repose sur la m\u00eame relation contractuelle.<\/p>\n<p>&nbsp;<\/p>\n<p>8. <u>DROITS EN CAS DE CARENCES, INDEMNISATION<\/u><\/p>\n<p>8.1<\/p>\n<p>Le Fournisseur est tenu de fournir des prestations suppl\u00e9mentaires dans les cas o\u00f9 les biens fournis n&#039;ont pas la qualit\u00e9 ou la constitution mutuellement convenue entre le Fournisseur et le Client, ou s&#039;ils ne conviennent g\u00e9n\u00e9ralement pas aux usages requis conform\u00e9ment au contrat. Ce qui pr\u00e9c\u00e8de ne s&#039;applique pas si le Fournisseur est en droit de refuser une telle prestation suppl\u00e9mentaire sur la base d&#039;un arrangement juridique. Le Client est tenu d&#039;accorder au Fournisseur un d\u00e9lai appropri\u00e9 \u00e0 cet effet.<\/p>\n<p>8.2<\/p>\n<p>Selon le choix du Client, la prestation suppl\u00e9mentaire s&#039;effectue par l&#039;\u00e9limination du d\u00e9faut ou, \u00e0 d\u00e9faut, par la livraison d&#039;un nouveau produit. Le client n&#039;a pas le droit de diminuer le prix d&#039;achat ou de r\u00e9silier le contrat pendant la p\u00e9riode accord\u00e9e pour l&#039;ex\u00e9cution suppl\u00e9mentaire. La prestation suppl\u00e9mentaire sera consid\u00e9r\u00e9e comme un \u00e9chec si le Fournisseur a tent\u00e9 une telle prestation suppl\u00e9mentaire \u00e0 deux reprises en vain. Si une telle ex\u00e9cution suppl\u00e9mentaire \u00e9choue, le client est en droit de diminuer le prix d&#039;achat ou de r\u00e9silier le contrat concernant ces produits d\u00e9fectueux. Le client n&#039;a pas le droit de r\u00e9silier le contrat, si le manquement n&#039;est pas significatif.<\/p>\n<p>8.3<\/p>\n<p>Le Client est en droit d&#039;exiger une indemnisation sous r\u00e9serve des dispositions d\u00e9taill\u00e9es ci-apr\u00e8s, en raison d&#039;un d\u00e9faut, en cas d&#039;\u00e9chec de l&#039;ex\u00e9cution suppl\u00e9mentaire conform\u00e9ment aux dispositions susmentionn\u00e9es. Toutefois, le client ne pourra exiger de d\u00e9dommagement s&#039;il n&#039;a pas agi conform\u00e9ment aux instructions du producteur.<\/p>\n<p>8.4<\/p>\n<p>La responsabilit\u00e9 est limit\u00e9e au dol et \u00e0 la n\u00e9gligence grave. La responsabilit\u00e9 est \u00e9galement limit\u00e9e \u00e0 la n\u00e9gligence, sauf infractions contractuelles essentielles. Dans ces cas, la responsabilit\u00e9 est limit\u00e9e aux dommages caract\u00e9ristiques pr\u00e9visibles. Ceci s&#039;appliquera \u00e9galement aux demandes d&#039;indemnisation en responsabilit\u00e9 contre les assistants et les repr\u00e9sentants l\u00e9gaux. Toute responsabilit\u00e9 suppl\u00e9mentaire, quelle que soit sa base l\u00e9gale, est par la pr\u00e9sente exclue.<\/p>\n<p>8.5<\/p>\n<p>En particulier, la responsabilit\u00e9 est exclue pour les dommages qui surviennent apr\u00e8s la livraison pour l&#039;exp\u00e9dition, et en cas de perte de donn\u00e9es ou de modifications de donn\u00e9es par des moyens de livraison ou de messagerie \u00e9lectroniques.<\/p>\n<p>8.6<\/p>\n<p>Tout droit relatif \u00e0 l&#039;utilisation de l&#039;appareil, en relation avec l&#039;application des capsules, est exclu par la pr\u00e9sente. Les droits doivent \u00eatre revendiqu\u00e9s exclusivement en ce qui concerne la relation contractuelle pertinente.<\/p>\n<p>8.7<\/p>\n<p>Les droits de garantie expirent dans un d\u00e9lai de 2 ans \u00e0 compter de la livraison au client.<\/p>\n<p>&nbsp;<\/p>\n<p>9. <u>PROTECTION DES DONN\u00c9ES<\/u><\/p>\n<p>En ce qui concerne le th\u00e8me de la protection des donn\u00e9es, nous renvoyons sp\u00e9cifiquement \u00e0 la d\u00e9claration de protection des donn\u00e9es du fournisseur.<\/p>\n<p>L&#039;ensemble des donn\u00e9es que le Client fournit dans le processus de commande doivent \u00eatre \u00e0 jour et v\u00e9ridiques. Il est interdit de communiquer le mot de passe client \u00e0 des tiers et il doit \u00eatre prot\u00e9g\u00e9 contre l&#039;acc\u00e8s par des personnes non autoris\u00e9es. Une \u00e9ventuelle perte ou retransmission du mot de passe doit \u00eatre signal\u00e9e sans d\u00e9lai au Fournisseur par \u00e9crit. Le Client garantit, conform\u00e9ment aux dispositions l\u00e9gales, les abus, par exemple en cas de commandes pass\u00e9es par des tiers lors de l&#039;utilisation de son mot de passe.<\/p>\n<p>&nbsp;<\/p>\n<p>10. <u>MODIFICATION DES CONDITIONS GENERALES DE VENTE<\/u><\/p>\n<p>Dans le cas o\u00f9 l&#039;ex\u00e9cution du contrat est entrav\u00e9e, de telle sorte qu&#039;elle entra\u00eene une modification de la jurisprudence en vigueur ou des r\u00e9glementations l\u00e9gales pertinentes, si une divergence est d\u00e9tect\u00e9e dans les conditions g\u00e9n\u00e9rales (ci-apr\u00e8s - \u00ab\u00a0CGV \u00bb), ou en cas de perturbation significative de l&#039;\u00e9quilibre entre la fourniture d&#039;une prestation et la prestation ou contrepartie r\u00e9ciproque, le Fournisseur se r\u00e9serve le droit de modifier les pr\u00e9sentes CGV avec effet futur.<\/p>\n<p>&nbsp;<\/p>\n<p>11 <u>LOI APPLICABLE<\/u><\/p>\n<p>Le droit suisse sans le droit de vente de l&#039;ONU est applicable.<\/p>\n<p>&nbsp;<\/p>\n<p>12 <u>LIEU DE JURIDICTION<\/u><\/p>\n<p>Le for juridique est Z\u00fcrich, Suisse.<\/p>\n<p>_________________________________________<\/p>\n<p>Individuel Gen\u00e8ve<\/p>\n<p>Rue d&#039;Italie 11, 1204 Gen\u00e8ve,<\/p>\n<p>la Suisse<\/p>","protected":false},"excerpt":{"rendered":"<p>GENERAL BUSINESS TERMS AND CONDITIONS 1. APPLICABILITY 1.1 The General Business Terms and Conditions detailed hereinafter apply exclusively to the entire business relationship between \u2026supplier\u2026(hereinafter, also the \u201cSupplier\u201d, \u201cus\u201d or \u201cwe\u201d) and the customer (hereinafter \u2013 the \u201cCustomer\u201d). 1.2 All agreements reached between the Customer and the Supplier pertaining to the supply of goods arise, [&hellip;]<\/p>","protected":false},"author":1,"featured_media":0,"parent":0,"menu_order":0,"comment_status":"closed","ping_status":"closed","template":"","meta":{"_joinchat":[]},"yoast_head":"<!-- This site is optimized with the Yoast SEO plugin v20.8 - https:\/\/yoast.com\/wordpress\/plugins\/seo\/ -->\n<title>Terms and Conditions - Individuel Cosmetique<\/title>\n<meta name=\"robots\" content=\"noindex, follow, max-snippet:-1, max-image-preview:large, max-video-preview:-1\" \/>\n<meta property=\"og:locale\" content=\"fr_FR\" \/>\n<meta property=\"og:type\" content=\"article\" \/>\n<meta property=\"og:title\" content=\"Terms and Conditions - Individuel Cosmetique\" \/>\n<meta property=\"og:description\" content=\"GENERAL BUSINESS TERMS AND CONDITIONS 1. APPLICABILITY 1.1 The General Business Terms and Conditions detailed hereinafter apply exclusively to the entire business relationship between \u2026supplier\u2026(hereinafter, also the \u201cSupplier\u201d, \u201cus\u201d or \u201cwe\u201d) and the customer (hereinafter \u2013 the \u201cCustomer\u201d). 1.2 All agreements reached between the Customer and the Supplier pertaining to the supply of goods arise, [&hellip;]\" \/>\n<meta property=\"og:url\" content=\"https:\/\/eu.individuelcosmetics.com\/fr\/terms-and-conditions\/\" \/>\n<meta property=\"og:site_name\" content=\"Individuel Cosmetique\" \/>\n<meta property=\"article:modified_time\" content=\"2020-08-22T14:34:42+00:00\" \/>\n<meta name=\"twitter:card\" content=\"summary_large_image\" \/>\n<meta name=\"twitter:label1\" content=\"Dur\u00e9e de lecture estim\u00e9e\" \/>\n\t<meta name=\"twitter:data1\" content=\"9 minutes\" \/>\n<script type=\"application\/ld+json\" class=\"yoast-schema-graph\">{\"@context\":\"https:\/\/schema.org\",\"@graph\":[{\"@type\":\"WebPage\",\"@id\":\"https:\/\/eu.individuelcosmetics.com\/terms-and-conditions\/\",\"url\":\"https:\/\/eu.individuelcosmetics.com\/terms-and-conditions\/\",\"name\":\"Terms and Conditions - Individuel Cosmetique\",\"isPartOf\":{\"@id\":\"https:\/\/eu.individuelcosmetics.com\/#website\"},\"datePublished\":\"2020-03-04T04:50:17+00:00\",\"dateModified\":\"2020-08-22T14:34:42+00:00\",\"breadcrumb\":{\"@id\":\"https:\/\/eu.individuelcosmetics.com\/terms-and-conditions\/#breadcrumb\"},\"inLanguage\":\"fr-FR\",\"potentialAction\":[{\"@type\":\"ReadAction\",\"target\":[\"https:\/\/eu.individuelcosmetics.com\/terms-and-conditions\/\"]}]},{\"@type\":\"BreadcrumbList\",\"@id\":\"https:\/\/eu.individuelcosmetics.com\/terms-and-conditions\/#breadcrumb\",\"itemListElement\":[{\"@type\":\"ListItem\",\"position\":1,\"name\":\"Home\",\"item\":\"https:\/\/eu.individuelcosmetics.com\/\"},{\"@type\":\"ListItem\",\"position\":2,\"name\":\"Terms and Conditions\"}]},{\"@type\":\"WebSite\",\"@id\":\"https:\/\/eu.individuelcosmetics.com\/#website\",\"url\":\"https:\/\/eu.individuelcosmetics.com\/\",\"name\":\"Individuel Cosmetique\",\"description\":\"Tailor Made Beauty\",\"publisher\":{\"@id\":\"https:\/\/eu.individuelcosmetics.com\/#organization\"},\"potentialAction\":[{\"@type\":\"SearchAction\",\"target\":{\"@type\":\"EntryPoint\",\"urlTemplate\":\"https:\/\/eu.individuelcosmetics.com\/?s={search_term_string}\"},\"query-input\":\"required name=search_term_string\"}],\"inLanguage\":\"fr-FR\"},{\"@type\":\"Organization\",\"@id\":\"https:\/\/eu.individuelcosmetics.com\/#organization\",\"name\":\"Individuel Cosmetique\",\"url\":\"https:\/\/eu.individuelcosmetics.com\/\",\"logo\":{\"@type\":\"ImageObject\",\"inLanguage\":\"fr-FR\",\"@id\":\"https:\/\/eu.individuelcosmetics.com\/#\/schema\/logo\/image\/\",\"url\":\"https:\/\/eu.individuelcosmetics.com\/wp-content\/uploads\/2021\/09\/indilogo.png\",\"contentUrl\":\"https:\/\/eu.individuelcosmetics.com\/wp-content\/uploads\/2021\/09\/indilogo.png\",\"width\":175,\"height\":68,\"caption\":\"Individuel Cosmetique\"},\"image\":{\"@id\":\"https:\/\/eu.individuelcosmetics.com\/#\/schema\/logo\/image\/\"}}]}<\/script>\n<!-- \/ Yoast SEO plugin. -->","yoast_head_json":{"title":"Terms and Conditions - Individuel Cosmetique","robots":{"index":"noindex","follow":"follow","max-snippet":"max-snippet:-1","max-image-preview":"max-image-preview:large","max-video-preview":"max-video-preview:-1"},"og_locale":"fr_FR","og_type":"article","og_title":"Terms and Conditions - Individuel Cosmetique","og_description":"GENERAL BUSINESS TERMS AND CONDITIONS 1. APPLICABILITY 1.1 The General Business Terms and Conditions detailed hereinafter apply exclusively to the entire business relationship between \u2026supplier\u2026(hereinafter, also the \u201cSupplier\u201d, \u201cus\u201d or \u201cwe\u201d) and the customer (hereinafter \u2013 the \u201cCustomer\u201d). 1.2 All agreements reached between the Customer and the Supplier pertaining to the supply of goods arise, [&hellip;]","og_url":"https:\/\/eu.individuelcosmetics.com\/fr\/terms-and-conditions\/","og_site_name":"Individuel Cosmetique","article_modified_time":"2020-08-22T14:34:42+00:00","twitter_card":"summary_large_image","twitter_misc":{"Dur\u00e9e de lecture estim\u00e9e":"9 minutes"},"schema":{"@context":"https:\/\/schema.org","@graph":[{"@type":"WebPage","@id":"https:\/\/eu.individuelcosmetics.com\/terms-and-conditions\/","url":"https:\/\/eu.individuelcosmetics.com\/terms-and-conditions\/","name":"Terms and Conditions - Individuel Cosmetique","isPartOf":{"@id":"https:\/\/eu.individuelcosmetics.com\/#website"},"datePublished":"2020-03-04T04:50:17+00:00","dateModified":"2020-08-22T14:34:42+00:00","breadcrumb":{"@id":"https:\/\/eu.individuelcosmetics.com\/terms-and-conditions\/#breadcrumb"},"inLanguage":"fr-FR","potentialAction":[{"@type":"ReadAction","target":["https:\/\/eu.individuelcosmetics.com\/terms-and-conditions\/"]}]},{"@type":"BreadcrumbList","@id":"https:\/\/eu.individuelcosmetics.com\/terms-and-conditions\/#breadcrumb","itemListElement":[{"@type":"ListItem","position":1,"name":"Home","item":"https:\/\/eu.individuelcosmetics.com\/"},{"@type":"ListItem","position":2,"name":"Terms and Conditions"}]},{"@type":"WebSite","@id":"https:\/\/eu.individuelcosmetics.com\/#website","url":"https:\/\/eu.individuelcosmetics.com\/","name":"Individuel Cosmetique","description":"Tailor Made Beauty","publisher":{"@id":"https:\/\/eu.individuelcosmetics.com\/#organization"},"potentialAction":[{"@type":"SearchAction","target":{"@type":"EntryPoint","urlTemplate":"https:\/\/eu.individuelcosmetics.com\/?s={search_term_string}"},"query-input":"required name=search_term_string"}],"inLanguage":"fr-FR"},{"@type":"Organization","@id":"https:\/\/eu.individuelcosmetics.com\/#organization","name":"Individuel Cosmetique","url":"https:\/\/eu.individuelcosmetics.com\/","logo":{"@type":"ImageObject","inLanguage":"fr-FR","@id":"https:\/\/eu.individuelcosmetics.com\/#\/schema\/logo\/image\/","url":"https:\/\/eu.individuelcosmetics.com\/wp-content\/uploads\/2021\/09\/indilogo.png","contentUrl":"https:\/\/eu.individuelcosmetics.com\/wp-content\/uploads\/2021\/09\/indilogo.png","width":175,"height":68,"caption":"Individuel Cosmetique"},"image":{"@id":"https:\/\/eu.individuelcosmetics.com\/#\/schema\/logo\/image\/"}}]}},"_links":{"self":[{"href":"https:\/\/eu.individuelcosmetics.com\/fr\/wp-json\/wp\/v2\/pages\/1079"}],"collection":[{"href":"https:\/\/eu.individuelcosmetics.com\/fr\/wp-json\/wp\/v2\/pages"}],"about":[{"href":"https:\/\/eu.individuelcosmetics.com\/fr\/wp-json\/wp\/v2\/types\/page"}],"author":[{"embeddable":true,"href":"https:\/\/eu.individuelcosmetics.com\/fr\/wp-json\/wp\/v2\/users\/1"}],"replies":[{"embeddable":true,"href":"https:\/\/eu.individuelcosmetics.com\/fr\/wp-json\/wp\/v2\/comments?post=1079"}],"version-history":[{"count":13,"href":"https:\/\/eu.individuelcosmetics.com\/fr\/wp-json\/wp\/v2\/pages\/1079\/revisions"}],"predecessor-version":[{"id":2542,"href":"https:\/\/eu.individuelcosmetics.com\/fr\/wp-json\/wp\/v2\/pages\/1079\/revisions\/2542"}],"wp:attachment":[{"href":"https:\/\/eu.individuelcosmetics.com\/fr\/wp-json\/wp\/v2\/media?parent=1079"}],"curies":[{"name":"wp","href":"https:\/\/api.w.org\/{rel}","templated":true}]}}